{"id":56,"date":"2016-10-10T20:02:05","date_gmt":"2016-10-10T18:02:05","guid":{"rendered":"http:\/\/www.sptomice.pl\/?page_id=56"},"modified":"2021-01-04T17:14:12","modified_gmt":"2021-01-04T16:14:12","slug":"patron-szkoly","status":"publish","type":"page","link":"https:\/\/www.sptomice.pl\/index.php\/patron-szkoly\/","title":{"rendered":"Patron szko\u0142y"},"content":{"rendered":"<p><span style=\"font-size: 20px;\"><a href=\"https:\/\/my.treedis.com\/tour\/wmw\" target=\"_blank\" rel=\"noopener noreferrer\"><strong>Link do wirtualnego spaceru po Wielkopolskim Muzeum Wojskowym, m.in. wystawie czasowej: <em>&#8222;Ze znakiem palmy i p\u00f3\u0142ksi\u0119\u017cyca. Pu\u0142k U\u0142an\u00f3w Karpackich 1940-2020&#8221;.<\/em><\/strong><\/a><\/span><\/p>\n<p><span style=\"font-size: 20px;\"><em>Pocz\u0105tkowo pu\u0142k by\u0142 formacj\u0105 konn\u0105, a nast\u0119pnie zmotoryzowan\u0105 w ramach Samodzielnej Brygady Strzelc\u00f3w Karpackich. \u017bo\u0142nierzami Pu\u0142ku U\u0142an\u00f3w Karpackich byli m. in. <strong>Tomasz Skrzy\u0144ski,\u00a0J\u00f3zef Pleban, Mieczys\u0142aw Naruszewicz i Mieczys\u0142aw Herod<\/strong>, kt\u00f3rzy brali udzia\u0142 w uroczysto\u015bciach nadania imienia i wr\u0119czenia sztandaru naszej szkole oraz w obchodach \u015awi\u0119ta Patrona Szko\u0142y.<\/em><\/span><\/p>\n<p style=\"text-align: right;\">\u00a0<\/p>\n\n\n<p><strong><em>Szanowni Kombatanci, drodzy przyjaciele,<\/em><\/strong><\/p>\n<p>Maj\u0105c na uwadze, \u017ce wielu z Was nie mog\u0142o przyby\u0107 na otwarcie wystawy z powodu COVID-19, \u017cywi\u0119 nadziej\u0119, ze spacer wirtualny zrekompensuje Wam brak mo\u017cliwo\u015bci jej obejrzenia, daj\u0105c mo\u017cliwo\u015b\u0107 (wirtualnie) zapoznania si\u0119 z prezentowanymi eksponatami.<\/p>\n<p>Przypomn\u0119, \u017ce wystawa czasowa zosta\u0142a <strong>przed\u0142u\u017cona<\/strong> do 5 wrze\u015bnia 2021 r. W imieniu organizator\u00f3w Zapraszam Was wszystkich bardzo serdecznie.<\/p>\n<p>Korzystaj\u0105c z okazji, w imieniu Redakcji U\u0142ana Karpackiego przesy\u0142am najserdeczniejsze \u017cyczenia z okazji zbli\u017caj\u0105cego si\u0119 Nowego Roku.<\/p>\n<p>Niech wszelkie problemy, zmartwienia i trudno\u015bci pozostan\u0105 w starym roku, a Nowy 2021 Rok przyniesie optymizm i wiar\u0119 w lepsze jutro. Du\u017co zdrowia!<\/p>\n<p style=\"text-align: right;\"><em>\u0141\u0105cz\u0119 pozdrowienia;<\/em><\/p>\n<p style=\"text-align: right;\">Przemys\u0142aw Kopij<\/p>\n<p style=\"text-align: right;\">\u00a0 \u00a0 \u00a0 Redaktor<\/p>\n<p><strong><a href=\"http:\/\/stowarzyszenieuk.pl\/index.html\" target=\"_blank\" rel=\"noopener noreferrer\">Strona g\u0142\u00f3wna &#8211; stowarzyszenieuk.pl<\/a><\/strong><\/p>\n","protected":false},"excerpt":{"rendered":"<p>Link do wirtualnego spaceru po Wielkopolskim Muzeum Wojskowym, m.in. wystawie czasowej: &#8222;Ze znakiem palmy i p\u00f3\u0142ksi\u0119\u017cyca. Pu\u0142k U\u0142an\u00f3w Karpackich 1940-2020&#8221;. Pocz\u0105tkowo pu\u0142k by\u0142 formacj\u0105 konn\u0105, a nast\u0119pnie zmotoryzowan\u0105 w ramach Samodzielnej Brygady Strzelc\u00f3w Karpackich. \u017bo\u0142nierzami Pu\u0142ku U\u0142an\u00f3w Karpackich byli m. <span class=\"excerpt-dots\">&hellip;<\/span> <a class=\"more-link\" href=\"https:\/\/www.sptomice.pl\/index.php\/patron-szkoly\/\"><span class=\"more-msg\">Czytaj dalej &rarr;<\/span><\/a><\/p>\n","protected":false},"author":1,"featured_media":0,"parent":0,"menu_order":0,"comment_status":"closed","ping_status":"closed","template":"","meta":{"footnotes":""},"class_list":["post-56","page","type-page","status-publish","hentry"],"jetpack_sharing_enabled":true,"_links":{"self":[{"href":"https:\/\/www.sptomice.pl\/index.php\/wp-json\/wp\/v2\/pages\/56","targetHints":{"allow":["GET"]}}],"collection":[{"href":"https:\/\/www.sptomice.pl\/index.php\/wp-json\/wp\/v2\/pages"}],"about":[{"href":"https:\/\/www.sptomice.pl\/index.php\/wp-json\/wp\/v2\/types\/page"}],"author":[{"embeddable":true,"href":"https:\/\/www.sptomice.pl\/index.php\/wp-json\/wp\/v2\/users\/1"}],"replies":[{"embeddable":true,"href":"https:\/\/www.sptomice.pl\/index.php\/wp-json\/wp\/v2\/comments?post=56"}],"version-history":[{"count":9,"href":"https:\/\/www.sptomice.pl\/index.php\/wp-json\/wp\/v2\/pages\/56\/revisions"}],"predecessor-version":[{"id":4413,"href":"https:\/\/www.sptomice.pl\/index.php\/wp-json\/wp\/v2\/pages\/56\/revisions\/4413"}],"wp:attachment":[{"href":"https:\/\/www.sptomice.pl\/index.php\/wp-json\/wp\/v2\/media?parent=56"}],"curies":[{"name":"wp","href":"https:\/\/api.w.org\/{rel}","templated":true}]}}